{"id":16991,"date":"2023-07-20T08:12:55","date_gmt":"2023-07-20T06:12:55","guid":{"rendered":"https:\/\/kariera.wum.edu.pl\/?page_id=16991"},"modified":"2023-07-20T10:24:16","modified_gmt":"2023-07-20T08:24:16","slug":"student-graduate","status":"publish","type":"page","link":"https:\/\/kariera.wum.edu.pl\/en\/student-graduate\/","title":{"rendered":"Student\/graduate"},"content":{"rendered":"<div class=\"wpb-content-wrapper\"><p>[vc_row inner_container=&#8221;true&#8221;][vc_column][vc_column_text]<b>Zapraszamy student\u00f3w i absolwent\u00f3w WUM do korzystania naszych us\u0142ug:<\/b><\/p>\n<ul>\n<li>tworzenie CV za pomoc\u0105 generatora (dost\u0119pne po zalogowaniu) &#8211; <a href=\"\/en\/resume-tips\/\">resume tips<\/a><\/li>\n<li>definiowanie ulubionych wyszukiwa\u0144, aby dostawa\u0107 powiadomienia o nowych ofertach z okre\u015blon\u0105 cz\u0119stotliwo\u015bci\u0105 (dost\u0119pne po zalogowaniu)<\/li>\n<li>aplikowania na <a href=\"\/en\/oferty-pracy\/\">jobs,pracitces,internships<\/a><\/li>\n<li>przegl\u0105dania <a href=\"\/en\/pracodawcy\/\">employers<\/a><\/li>\n<li>bezp\u0142atne <a href=\"\/en\/consultations\/\">consultations<\/a>\u00a0zawodowe,\u00a0psychologiczne\u00a0i\u00a0coaching<\/li>\n<li>mo\u017cliwo\u015b\u0107 udzia\u0142u w szkoleniach, warsztatach i spotkaniach z pracodawcami &#8211; <a href=\"\/en\/events\">events<\/a><\/li>\n<li>udzia\u0142 w <a href=\"\/targi-pracy\/\">Medycznych Targach Pracy i Praktyk<\/a><\/li>\n<li>sprofilowane wiadomo\u015bci wysy\u0142ane e-mailem &#8211; <a href=\"\/en\/sign-up-for-newsletter\/\">sign up for newsletter<\/a><\/li>\n<\/ul>\n<p>[\/vc_column_text][\/vc_column][\/vc_row]<\/p>\n<\/div>","protected":false},"excerpt":{"rendered":"<p>[vc_row inner_container=&#8221;true&#8221;][vc_column][vc_column_text]Zapraszamy student\u00f3w i absolwent\u00f3w WUM do korzystania naszych us\u0142ug: tworzenie CV za pomoc\u0105 generatora (dost\u0119pne po zalogowaniu) &#8211; resume tips definiowanie ulubionych wyszukiwa\u0144, aby dostawa\u0107 powiadomienia o nowych ofertach<\/p>\n","protected":false},"author":4,"featured_media":0,"parent":0,"menu_order":0,"comment_status":"closed","ping_status":"closed","template":"page-full-width.php","meta":{"_acf_changed":false,"_themeisle_gutenberg_block_has_review":false,"footnotes":""},"class_list":["post-16991","page","type-page","status-publish","hentry","no-featured"],"acf":[],"_links":{"self":[{"href":"https:\/\/kariera.wum.edu.pl\/en\/wp-json\/wp\/v2\/pages\/16991","targetHints":{"allow":["GET"]}}],"collection":[{"href":"https:\/\/kariera.wum.edu.pl\/en\/wp-json\/wp\/v2\/pages"}],"about":[{"href":"https:\/\/kariera.wum.edu.pl\/en\/wp-json\/wp\/v2\/types\/page"}],"author":[{"embeddable":true,"href":"https:\/\/kariera.wum.edu.pl\/en\/wp-json\/wp\/v2\/users\/4"}],"replies":[{"embeddable":true,"href":"https:\/\/kariera.wum.edu.pl\/en\/wp-json\/wp\/v2\/comments?post=16991"}],"version-history":[{"count":5,"href":"https:\/\/kariera.wum.edu.pl\/en\/wp-json\/wp\/v2\/pages\/16991\/revisions"}],"predecessor-version":[{"id":17003,"href":"https:\/\/kariera.wum.edu.pl\/en\/wp-json\/wp\/v2\/pages\/16991\/revisions\/17003"}],"wp:attachment":[{"href":"https:\/\/kariera.wum.edu.pl\/en\/wp-json\/wp\/v2\/media?parent=16991"}],"curies":[{"name":"wp","href":"https:\/\/api.w.org\/{rel}","templated":true}]}}