{"id":16934,"date":"2023-07-05T16:49:31","date_gmt":"2023-07-05T14:49:31","guid":{"rendered":"https:\/\/kariera.wum.edu.pl\/?page_id=16934"},"modified":"2023-07-19T06:42:41","modified_gmt":"2023-07-19T04:42:41","slug":"rules-for-publishing-job-offers","status":"publish","type":"page","link":"https:\/\/kariera.wum.edu.pl\/en\/offer-for-employers\/rules-for-publishing-job-offers\/","title":{"rendered":"Rules for publishing job offers"},"content":{"rendered":"<div class=\"wpb-content-wrapper\"><p>[vc_row inner_container=&#8221;true&#8221;][vc_column][vc_column_text]1. Pracodawcy mog\u0105 bezp\u0142atnie zamieszcza\u0107 oferty wsp\u00f3\u0142pracy za pomoc\u0105 <a href=\"https:\/\/kariera.wum.edu.pl\/nowa-oferta\/#jform\">generatora ofert pracy<\/a>. Og\u0142oszenie zostaje opublikowane po akceptacji tre\u015bci przez pracownika Biura Karier WUM. Biuro Karier przyjmuje oferty odpowiadaj\u0105ce kierunkom kszta\u0142cenia:<\/p>\n<p>\u2022\u00a0\u00a0 \u00a0ANALITYKA MEDYCZNA &#8211; studia jednolite magisterskie<br \/>\n\u2022\u00a0\u00a0 \u00a0AUDIOFONOLOGIA Z PROTETYK\u0104 S\u0141UCHU &#8211; studia licencjackie<br \/>\n\u2022\u00a0\u00a0 \u00a0DIETETYKA &#8211; studia licencjackie i uzupe\u0142niaj\u0105ce magisterskie<br \/>\n\u2022\u00a0\u00a0 \u00a0ELEKTRORADIOLOGIA &#8211; studia licencjackie i uzupe\u0142niaj\u0105ce magisterskie<br \/>\n\u2022\u00a0\u00a0 \u00a0FARMACJA &#8211; studia jednolite magisterskie<br \/>\n\u2022\u00a0\u00a0 \u00a0FIZJOTERAPIA &#8211; studia jednolite magisterskie<br \/>\n\u2022\u00a0\u00a0 \u00a0HIGIENA STOMATOLOGICZNA &#8211; studia licencjackie<br \/>\n\u2022\u00a0\u00a0 \u00a0LEKARSKI &#8211; studia 6-letnie, jednolite magisterskie<br \/>\n\u2022\u00a0\u00a0 \u00a0LEKARSKO-DENTYSTYCZNY &#8211; studia jednolite magisterskie<br \/>\n\u2022\u00a0\u00a0 \u00a0LOGOPEDIA &#8211; studia licencjackie i uzupe\u0142niaj\u0105ce magisterskie<br \/>\n\u2022\u00a0\u00a0 \u00a0PIEL\u0118GNIARSTWO &#8211; studia licencjackie i uzupe\u0142niaj\u0105ce magisterskie<br \/>\n\u2022\u00a0\u00a0 \u00a0PO\u0141O\u017bNICTWO &#8211; studia licencjackie i uzupe\u0142niaj\u0105ce magisterskie<br \/>\n\u2022\u00a0\u00a0 \u00a0RATOWNICTWO MEDYCZNE &#8211; studia licencjackie<br \/>\n\u2022\u00a0\u00a0 \u00a0TECHNIKI DENTYSTYCZNE &#8211; studia licencjackie<br \/>\n\u2022\u00a0\u00a0 \u00a0ZDROWIE PUBLICZNE &#8211; studia licencjackie i uzupe\u0142niaj\u0105ce magisterskie<\/p>\n<p>2. Odpowiedzialno\u015b\u0107\u00a0za tre\u015bci og\u0142osze\u0144 ponosz\u0105 pracodawcy.\u00a0Biuro Karier zastrzega sobie prawo do korekty tre\u015bci og\u0142oszenia.<\/p>\n<p>3. Pracodawca\u00a0zobowi\u0105zuje\u00a0si\u0119 do poinformowania Biura Karier WUM o podj\u0119ciu wsp\u00f3\u0142pracy ze studentem lub absolwentem WUM w zwi\u0105zku z zamieszczonym w serwisie og\u0142oszeniem.<\/p>\n<p>4. Zakazuje si\u0119 wprowadzania na stron\u0119 www.kariera.wum.edu.pl tre\u015bci niezgodnych z prawd\u0105, niezgodnych z prawem, naruszaj\u0105cych dobra osobiste os\u00f3b trzecich.<\/p>\n<p>5. Biuro Karier Warszawskiego Uniwersytetu Medycznego zastrzega sobie prawo do odmowy publikacji lub do usuni\u0119cia informacji ze strony www.kariera.wum.edu.pl.<\/p>\n<p>6. Zamieszczaj\u0105c og\u0142oszenie pracodawca wyra\u017ca zgod\u0119 na kontakt zespo\u0142u Biura Karier WUM w sprawach zwi\u0105zanych z rekrutacj\u0105 i promocj\u0105 pracodawcy w\u015br\u00f3d student\u00f3w i absolwent\u00f3w WUM.[\/vc_column_text][\/vc_column][\/vc_row]<\/p>\n<\/div>","protected":false},"excerpt":{"rendered":"<p>[vc_row inner_container=&#8221;true&#8221;][vc_column][vc_column_text]1. Pracodawcy mog\u0105 bezp\u0142atnie zamieszcza\u0107 oferty wsp\u00f3\u0142pracy za pomoc\u0105 generatora ofert pracy. Og\u0142oszenie zostaje opublikowane po akceptacji tre\u015bci przez pracownika Biura Karier WUM. Biuro Karier przyjmuje oferty odpowiadaj\u0105ce kierunkom<\/p>\n","protected":false},"author":4,"featured_media":0,"parent":16447,"menu_order":0,"comment_status":"closed","ping_status":"closed","template":"page-full-width.php","meta":{"_acf_changed":false,"_themeisle_gutenberg_block_has_review":false,"footnotes":""},"class_list":["post-16934","page","type-page","status-publish","hentry","no-featured"],"acf":[],"_links":{"self":[{"href":"https:\/\/kariera.wum.edu.pl\/en\/wp-json\/wp\/v2\/pages\/16934","targetHints":{"allow":["GET"]}}],"collection":[{"href":"https:\/\/kariera.wum.edu.pl\/en\/wp-json\/wp\/v2\/pages"}],"about":[{"href":"https:\/\/kariera.wum.edu.pl\/en\/wp-json\/wp\/v2\/types\/page"}],"author":[{"embeddable":true,"href":"https:\/\/kariera.wum.edu.pl\/en\/wp-json\/wp\/v2\/users\/4"}],"replies":[{"embeddable":true,"href":"https:\/\/kariera.wum.edu.pl\/en\/wp-json\/wp\/v2\/comments?post=16934"}],"version-history":[{"count":1,"href":"https:\/\/kariera.wum.edu.pl\/en\/wp-json\/wp\/v2\/pages\/16934\/revisions"}],"predecessor-version":[{"id":16935,"href":"https:\/\/kariera.wum.edu.pl\/en\/wp-json\/wp\/v2\/pages\/16934\/revisions\/16935"}],"up":[{"embeddable":true,"href":"https:\/\/kariera.wum.edu.pl\/en\/wp-json\/wp\/v2\/pages\/16447"}],"wp:attachment":[{"href":"https:\/\/kariera.wum.edu.pl\/en\/wp-json\/wp\/v2\/media?parent=16934"}],"curies":[{"name":"wp","href":"https:\/\/api.w.org\/{rel}","templated":true}]}}