{"id":16932,"date":"2023-07-05T17:00:20","date_gmt":"2023-07-05T15:00:20","guid":{"rendered":"https:\/\/kariera.wum.edu.pl\/?page_id=16932"},"modified":"2023-07-19T06:40:53","modified_gmt":"2023-07-19T04:40:53","slug":"rules-for-organizing-events","status":"publish","type":"page","link":"https:\/\/kariera.wum.edu.pl\/en\/rules-for-organizing-events\/","title":{"rendered":"Rules for organizing events"},"content":{"rendered":"<div class=\"wpb-content-wrapper\"><p>[vc_row inner_container=&#8221;true&#8221;][vc_column][vc_column_text]<\/p>\n<ol>\n<li>Celem organizowanych wydarze\u0144 jest:\n<ul>\n<li>poznanie pracodawc\u00f3w i mo\u017cliwo\u015bci rozwoju zawodowego w r\u00f3\u017cnych organizacjach (w tym rekrutacja)<\/li>\n<li>wzrost wiedzy o rynku pracy i rozw\u00f3j umiej\u0119tno\u015bci poszukiwania pracy<\/li>\n<li>rozw\u00f3j kompetencji uniwersalnych, kt\u00f3re zwi\u0119kszaj\u0105 szans\u0119 na otrzymanie optymalnej pracy<\/li>\n<\/ul>\n<\/li>\n<li>Wydarzenia mog\u0105 mie\u0107 form\u0119 prezentacji, szkole\u0144, warsztat\u00f3w lub inn\u0105 uzgodnion\u0105 z pracownikiem Biura Karier.<\/li>\n<li>Wydarzenie nie mo\u017ce mie\u0107 na celu promocji produkt\u00f3w lub us\u0142ug Firmy.<\/li>\n<li>Program spotkania i materia\u0142y promocyjne zostan\u0105 przekazane przedstawicielowi Biura Karier nie p\u00f3\u017aniej ni\u017c 14 dni przed planowanym wydarzeniem.<\/li>\n<li>Biuro Karier rezerwuje sal\u0119 i zajmuje si\u0119 promocj\u0105 wydarzenia poprzez serwis\u00a0 www.kariera.wum.edu.pl, rozes\u0142anie informacji w Newsletterze, zamieszczenie wydarzenia na facebook.com oraz bezpo\u015bredni kontakt ze studentami.<\/li>\n<li>Biuro Karier zajmuje si\u0119 kwestiami organizacyjnymi, takimi jak zbieranie zg\u0142osze\u0144 uczestnik\u00f3w oraz zapisy os\u00f3b ch\u0119tnych do udzia\u0142u w spotkaniu.<\/li>\n<\/ol>\n<p>[\/vc_column_text][\/vc_column][\/vc_row]<\/p>\n<\/div>","protected":false},"excerpt":{"rendered":"<p>[vc_row inner_container=&#8221;true&#8221;][vc_column][vc_column_text] Celem organizowanych wydarze\u0144 jest: poznanie pracodawc\u00f3w i mo\u017cliwo\u015bci rozwoju zawodowego w r\u00f3\u017cnych organizacjach (w tym rekrutacja) wzrost wiedzy o rynku pracy i rozw\u00f3j umiej\u0119tno\u015bci poszukiwania pracy rozw\u00f3j kompetencji<\/p>\n","protected":false},"author":4,"featured_media":0,"parent":0,"menu_order":0,"comment_status":"closed","ping_status":"closed","template":"page-full-width.php","meta":{"_acf_changed":false,"_themeisle_gutenberg_block_has_review":false,"footnotes":""},"class_list":["post-16932","page","type-page","status-publish","hentry","no-featured"],"acf":[],"_links":{"self":[{"href":"https:\/\/kariera.wum.edu.pl\/en\/wp-json\/wp\/v2\/pages\/16932","targetHints":{"allow":["GET"]}}],"collection":[{"href":"https:\/\/kariera.wum.edu.pl\/en\/wp-json\/wp\/v2\/pages"}],"about":[{"href":"https:\/\/kariera.wum.edu.pl\/en\/wp-json\/wp\/v2\/types\/page"}],"author":[{"embeddable":true,"href":"https:\/\/kariera.wum.edu.pl\/en\/wp-json\/wp\/v2\/users\/4"}],"replies":[{"embeddable":true,"href":"https:\/\/kariera.wum.edu.pl\/en\/wp-json\/wp\/v2\/comments?post=16932"}],"version-history":[{"count":1,"href":"https:\/\/kariera.wum.edu.pl\/en\/wp-json\/wp\/v2\/pages\/16932\/revisions"}],"predecessor-version":[{"id":16933,"href":"https:\/\/kariera.wum.edu.pl\/en\/wp-json\/wp\/v2\/pages\/16932\/revisions\/16933"}],"wp:attachment":[{"href":"https:\/\/kariera.wum.edu.pl\/en\/wp-json\/wp\/v2\/media?parent=16932"}],"curies":[{"name":"wp","href":"https:\/\/api.w.org\/{rel}","templated":true}]}}