{"id":16447,"date":"2023-07-05T16:58:56","date_gmt":"2023-07-05T14:58:56","guid":{"rendered":"https:\/\/kariera.wum.edu.pl\/?page_id=16447"},"modified":"2023-07-20T08:53:54","modified_gmt":"2023-07-20T06:53:54","slug":"offer-for-employers","status":"publish","type":"page","link":"https:\/\/kariera.wum.edu.pl\/en\/offer-for-employers\/","title":{"rendered":"Employer"},"content":{"rendered":"<div class=\"wpb-content-wrapper\"><p>[vc_row inner_container=&#8221;true&#8221;][vc_column][vc_column_text]Zapraszamy do wsp\u00f3\u0142pracy\u00a0pracodawc\u00f3w z\u00a0bran\u017cy medyczno-farmaceutycznej.<\/p>\n<p>Dzi\u0119ki naszemu wsparciu mog\u0105 Pa\u0144stwo w szybki i efektywny spos\u00f3b dotrze\u0107 do \u015brodowiska studenckiego i absolwenckiego Warszawskiego Uniwersytetu Medycznego.<\/p>\n<p>Oferujemy Pa\u0144stwu:<\/p>\n<ul>\n<li>publikacj\u0119 ofert pracy, praktyk i sta\u017cy oraz innych informacji zwi\u0105zanych z rozwojem zawodowym -&gt; <a href=\"\/zasady-publikacji-ofert-pracy-praktyk-stazy-i-wolontariatu\/\">Zasady<\/a><a href=\"\/zasady-publikacji-ofert-pracy-praktyk-stazy-i-wolontariatu\/\"> publik<\/a><a href=\"\/zasady-publikacji-ofert-pracy-praktyk-stazy-i-wolontariatu\/\">acji<\/a><a href=\"\/zasady-publikacji-ofert-pracy-praktyk-stazy-i-wolontariatu\/\"> ofert<\/a><a href=\"\/zasady-publikacji-ofert-pracy-praktyk-stazy-i-wolontariatu\/\"> pracy<\/a><strong> -&gt;<\/strong><a href=\"\/nowa-oferta\/#jform\">Prze\u015blij ofert\u0119 pracy, praktyk, sta\u017cu<\/a><\/li>\n<li>\u00a0wsparcie w zorganizowaniu prezentacji dla student\u00f3w i\/lub absolwent\u00f3w WUM na terenie uczelni -&gt; <a href=\"http:\/\/kariera.wum.edu.pl\/node\/161\">Zasady organizacji wydarze\u0144<\/a><strong> -&gt; <\/strong>Zaproponuj wydarzenie poprzez kontakt <a href=\"mailto:biurokarier@wum.edu.pl\">biurokarier@wum.edu.pl<\/a>.<\/li>\n<li>\u00a0udzia\u0142 w -&gt;<strong>\u00a0<\/strong><a href=\"https:\/\/kariera.wum.edu.pl\/targi-pracy\/\">Medycznych Targach Pracy i Praktyk<\/a><\/li>\n<li>\u00a0udost\u0119pnianie klientom naszego Biura nades\u0142anych materia\u0142\u00f3w informacyjnych<\/li>\n<li>przes\u0142anie informacji do student\u00f3w i absolwent\u00f3w poprzez CareerLetter<\/li>\n<\/ul>\n<p>W przypadku pyta\u0144 zach\u0119camy do <a href=\"\/en\/kontakt\/\">kontaktu<\/a>[\/vc_column_text][\/vc_column][\/vc_row]<\/p>\n<\/div>","protected":false},"excerpt":{"rendered":"<p>[vc_row inner_container=&#8221;true&#8221;][vc_column][vc_column_text]Zapraszamy do wsp\u00f3\u0142pracy\u00a0pracodawc\u00f3w z\u00a0bran\u017cy medyczno-farmaceutycznej. Dzi\u0119ki naszemu wsparciu mog\u0105 Pa\u0144stwo w szybki i efektywny spos\u00f3b dotrze\u0107 do \u015brodowiska studenckiego i absolwenckiego Warszawskiego Uniwersytetu Medycznego. Oferujemy Pa\u0144stwu: publikacj\u0119 ofert pracy,<\/p>\n","protected":false},"author":4,"featured_media":0,"parent":0,"menu_order":0,"comment_status":"closed","ping_status":"closed","template":"page-full-width.php","meta":{"_acf_changed":false,"_themeisle_gutenberg_block_has_review":false,"footnotes":""},"class_list":["post-16447","page","type-page","status-publish","hentry","no-featured"],"acf":[],"_links":{"self":[{"href":"https:\/\/kariera.wum.edu.pl\/en\/wp-json\/wp\/v2\/pages\/16447","targetHints":{"allow":["GET"]}}],"collection":[{"href":"https:\/\/kariera.wum.edu.pl\/en\/wp-json\/wp\/v2\/pages"}],"about":[{"href":"https:\/\/kariera.wum.edu.pl\/en\/wp-json\/wp\/v2\/types\/page"}],"author":[{"embeddable":true,"href":"https:\/\/kariera.wum.edu.pl\/en\/wp-json\/wp\/v2\/users\/4"}],"replies":[{"embeddable":true,"href":"https:\/\/kariera.wum.edu.pl\/en\/wp-json\/wp\/v2\/comments?post=16447"}],"version-history":[{"count":4,"href":"https:\/\/kariera.wum.edu.pl\/en\/wp-json\/wp\/v2\/pages\/16447\/revisions"}],"predecessor-version":[{"id":16995,"href":"https:\/\/kariera.wum.edu.pl\/en\/wp-json\/wp\/v2\/pages\/16447\/revisions\/16995"}],"wp:attachment":[{"href":"https:\/\/kariera.wum.edu.pl\/en\/wp-json\/wp\/v2\/media?parent=16447"}],"curies":[{"name":"wp","href":"https:\/\/api.w.org\/{rel}","templated":true}]}}