{"id":16269,"date":"2023-07-04T13:43:22","date_gmt":"2023-07-04T11:43:22","guid":{"rendered":"https:\/\/kariera.wum.edu.pl\/?page_id=16269"},"modified":"2023-07-05T09:28:44","modified_gmt":"2023-07-05T07:28:44","slug":"contact","status":"publish","type":"page","link":"https:\/\/kariera.wum.edu.pl\/en\/contact\/","title":{"rendered":"Contact"},"content":{"rendered":"<div class=\"wpb-content-wrapper\"><p>[vc_row inner_container=&#8221;true&#8221; el_class=&#8221;contact-row&#8221;][vc_column width=&#8221;1\/2&#8243; el_class=&#8221;contact-column&#8221;][vc_custom_heading text=&#8221;Biuro Karier Warszawskiego Uniwersytetu Medycznego&#8221; font_container=&#8221;tag:h3|text_align:left&#8221; el_class=&#8221;heading-contact&#8221;][vc_row_inner][vc_column_inner el_class=&#8221;contact-icon&#8221; width=&#8221;1\/6&#8243;][vc_single_image image=&#8221;16150&#8243; alignment=&#8221;center&#8221;][\/vc_column_inner][vc_column_inner width=&#8221;5\/6&#8243;][vc_custom_heading text=&#8221;Zak\u0142ad Profilaktyki Zagro\u017ce\u0144 \u015arodowiskowych, Alergologii i Immunologii&#8221; font_container=&#8221;tag:h4|text_align:left&#8221;][vc_column_text]st. Jana Nielubowicza 5, room 117 Building F, first floor[\/vc_column_text][\/vc_column_inner][\/vc_row_inner][vc_row_inner][vc_column_inner el_class=&#8221;contact-icon&#8221; width=&#8221;1\/6&#8243;][vc_single_image image=&#8221;16211&#8243; alignment=&#8221;center&#8221;][\/vc_column_inner][vc_column_inner width=&#8221;5\/6&#8243;][vc_column_text]<a href=\"http:\/\/(22) 57 20 909\">(22) 57 20 909<\/a>[\/vc_column_text][\/vc_column_inner][\/vc_row_inner][vc_row_inner][vc_column_inner el_class=&#8221;contact-icon&#8221; width=&#8221;1\/6&#8243;][vc_single_image image=&#8221;16215&#8243; alignment=&#8221;center&#8221;][\/vc_column_inner][vc_column_inner width=&#8221;5\/6&#8243;][vc_column_text]<a href=\"mailto:biurokarier@wum.edu.pl\">biurokarier@wum.edu.pl<\/a>[\/vc_column_text][\/vc_column_inner][\/vc_row_inner][\/vc_column][vc_column width=&#8221;1\/2&#8243;][vc_gmaps link=&#8221;#E-8_JTNDaWZyYW1lJTIwc3JjJTNEJTIyaHR0cHMlM0ElMkYlMkZ3d3cuZ29vZ2xlLmNvbSUyRm1hcHMlMkZlbWJlZCUzRnBiJTNEJTIxMW0xOCUyMTFtMTIlMjExbTMlMjExZDI0NDQuOTY3OTAzODEyMjQwNCUyMTJkMjAuOTgwMjg1MTEyMjcwMzA1JTIxM2Q1Mi4yMDc2MzA3NTkxOTI1NzUlMjEybTMlMjExZjAlMjEyZjAlMjEzZjAlMjEzbTIlMjExaTEwMjQlMjEyaTc2OCUyMTRmMTMuMSUyMTNtMyUyMTFtMiUyMTFzMHg0NzFlY2NiNjU3ZjViMjU1JTI1M0EweGQ1ZTM2MDQxZTIxOTkzY2QlMjEyc0JpdXJvJTI1MjBLYXJpZXIlMjUyMFdVTSUyMTVlMCUyMTNtMiUyMTFzcGwlMjEyc3BsJTIxNHYxNjg4NDcyMDAwOTE0JTIxNW0yJTIxMXNwbCUyMTJzcGwlMjIlMjB3aWR0aCUzRCUyMjYwMCUyMiUyMGhlaWdodCUzRCUyMjQ1MCUyMiUyMHN0eWxlJTNEJTIyYm9yZGVyJTNBMCUzQiUyMiUyMGFsbG93ZnVsbHNjcmVlbiUzRCUyMiUyMiUyMGxvYWRpbmclM0QlMjJsYXp5JTIyJTIwcmVmZXJyZXJwb2xpY3klM0QlMjJuby1yZWZlcnJlci13aGVuLWRvd25ncmFkZSUyMiUzRSUzQyUyRmlmcmFtZSUzRQ==&#8221; size=&#8221;350&#8243;][\/vc_column][\/vc_row]<\/p>\n<\/div>","protected":false},"excerpt":{"rendered":"<p>[vc_row inner_container=&#8221;true&#8221; el_class=&#8221;contact-row&#8221;][vc_column width=&#8221;1\/2&#8243; el_class=&#8221;contact-column&#8221;][vc_custom_heading text=&#8221;Biuro Karier Warszawskiego Uniwersytetu Medycznego&#8221; font_container=&#8221;tag:h3|text_align:left&#8221; el_class=&#8221;heading-contact&#8221;][vc_row_inner][vc_column_inner el_class=&#8221;contact-icon&#8221; width=&#8221;1\/6&#8243;][vc_single_image image=&#8221;16150&#8243; alignment=&#8221;center&#8221;][\/vc_column_inner][vc_column_inner width=&#8221;5\/6&#8243;][vc_custom_heading text=&#8221;Zak\u0142ad Profilaktyki Zagro\u017ce\u0144 \u015arodowiskowych, Alergologii i Immunologii&#8221; font_container=&#8221;tag:h4|text_align:left&#8221;][vc_column_text]st. Jana Nielubowicza 5, room 117<\/p>\n","protected":false},"author":7,"featured_media":0,"parent":0,"menu_order":0,"comment_status":"closed","ping_status":"closed","template":"page-full-width.php","meta":{"_acf_changed":false,"_themeisle_gutenberg_block_has_review":false,"footnotes":""},"class_list":["post-16269","page","type-page","status-publish","hentry","no-featured"],"acf":[],"_links":{"self":[{"href":"https:\/\/kariera.wum.edu.pl\/en\/wp-json\/wp\/v2\/pages\/16269","targetHints":{"allow":["GET"]}}],"collection":[{"href":"https:\/\/kariera.wum.edu.pl\/en\/wp-json\/wp\/v2\/pages"}],"about":[{"href":"https:\/\/kariera.wum.edu.pl\/en\/wp-json\/wp\/v2\/types\/page"}],"author":[{"embeddable":true,"href":"https:\/\/kariera.wum.edu.pl\/en\/wp-json\/wp\/v2\/users\/7"}],"replies":[{"embeddable":true,"href":"https:\/\/kariera.wum.edu.pl\/en\/wp-json\/wp\/v2\/comments?post=16269"}],"version-history":[{"count":4,"href":"https:\/\/kariera.wum.edu.pl\/en\/wp-json\/wp\/v2\/pages\/16269\/revisions"}],"predecessor-version":[{"id":16284,"href":"https:\/\/kariera.wum.edu.pl\/en\/wp-json\/wp\/v2\/pages\/16269\/revisions\/16284"}],"wp:attachment":[{"href":"https:\/\/kariera.wum.edu.pl\/en\/wp-json\/wp\/v2\/media?parent=16269"}],"curies":[{"name":"wp","href":"https:\/\/api.w.org\/{rel}","templated":true}]}}