{"id":13507,"date":"2018-03-03T03:28:23","date_gmt":"2018-03-03T01:28:23","guid":{"rendered":"https:\/\/kariera.wum.edu.pl\/recruitment-home\/"},"modified":"2024-01-12T15:31:12","modified_gmt":"2024-01-12T13:31:12","slug":"recruitment-home","status":"publish","type":"page","link":"https:\/\/kariera.wum.edu.pl\/en\/","title":{"rendered":"Strona g\u0142\u00f3wna"},"content":{"rendered":"<div class=\"wpb-content-wrapper\"><p>[vc_row parallax=&#8221;content-moving-fade&#8221; parallax_image=&#8221;16801&#8243; parallax_speed_bg=&#8221;1&#8243; el_class=&#8221;bs-baner-linear&#8221;][vc_column][vc_row_inner inner_container=&#8221;true&#8221; css=&#8221;.vc_custom_1684317885173{margin-top: 200px !important;margin-bottom: 120px !important;}&#8221; el_class=&#8221;bs-banner-row&#8221;][vc_column_inner el_class=&#8221;bs-transparent-column bs-light-text&#8221; width=&#8221;5\/12&#8243; css=&#8221;.vc_custom_1684316963870{padding-right: 40px !important;}&#8221;]        <div class=\"noo-heading-sc text-left\">\n                            <h2 class=\"noo-title-sc\">\n                    We support your career                <\/h2>\n            \n\t                        <p class=\"noo-subtitle-sc\">\n\t\t\t                        <\/p>\n\t                <\/div>\n        [vc_column_text]Job and internship offers. Interesting events. Career counseling. All that and more is waiting for you![\/vc_column_text][vc_btn title=&#8221;Register here&#8221; style=&#8221;classic&#8221; shape=&#8221;square&#8221; color=&#8221;white&#8221;][\/vc_column_inner][vc_column_inner width=&#8221;7\/12&#8243;][\/vc_column_inner][\/vc_row_inner][\/vc_column][\/vc_row][vc_row inner_container=&#8221;true&#8221; el_class=&#8221;bs-row-line&#8221;][vc_column width=&#8221;1\/3&#8243;][vc_single_image image=&#8221;14967&#8243; alignment=&#8221;center&#8221; onclick=&#8221;custom_link&#8221; link=&#8221;\/jobs-page\/&#8221;][vc_separator border_width=&#8221;6&#8243; color=&#8221;#009ad5&#8243; thickness=&#8221;6&#8243; space_before=&#8221;30&#8243; space_after=&#8221;8&#8243; class=&#8221;bs-icon-spacer&#8221;][vc_custom_heading text=&#8221;Job offers&#8221; font_container=&#8221;tag:h3|text_align:center&#8221; use_theme_fonts=&#8221;yes&#8221; el_class=&#8221;bs-icon-header&#8221;][\/vc_column][vc_column width=&#8221;1\/3&#8243;][vc_single_image image=&#8221;14963&#8243; alignment=&#8221;center&#8221; onclick=&#8221;custom_link&#8221; link=&#8221;https:\/\/kariera.wum.edu.pl\/konsultacje\/&#8221;][vc_separator border_width=&#8221;6&#8243; color=&#8221;#009ad5&#8243; thickness=&#8221;6&#8243; space_before=&#8221;30&#8243; space_after=&#8221;8&#8243; class=&#8221;bs-icon-spacer&#8221;][vc_custom_heading text=&#8221;Career counseling and coaching&#8221; font_container=&#8221;tag:h3|text_align:center&#8221; use_theme_fonts=&#8221;yes&#8221; el_class=&#8221;bs-icon-header&#8221;][\/vc_column][vc_column width=&#8221;1\/3&#8243;][vc_single_image image=&#8221;14965&#8243; alignment=&#8221;center&#8221; onclick=&#8221;custom_link&#8221; link=&#8221;\/wydarzenia\/&#8221;][vc_separator border_width=&#8221;6&#8243; color=&#8221;#009ad5&#8243; thickness=&#8221;6&#8243; space_before=&#8221;30&#8243; space_after=&#8221;8&#8243; class=&#8221;bs-icon-spacer&#8221;][vc_custom_heading text=&#8221;Training courses and workshops&#8221; font_container=&#8221;tag:h3|text_align:center&#8221; use_theme_fonts=&#8221;yes&#8221; el_class=&#8221;bs-icon-header&#8221;][\/vc_column][\/vc_row][vc_row css_animation=&#8221;fadeInUp&#8221; el_class=&#8221;bs-offset-block&#8221;][vc_column][vc_row_inner inner_container=&#8221;true&#8221;][vc_column_inner el_class=&#8221;bs-offset-photo&#8221; width=&#8221;7\/12&#8243;][vc_single_image image=&#8221;15045&#8243; img_size=&#8221;large&#8221;][\/vc_column_inner][vc_column_inner el_class=&#8221;bs-offset-column bs-light-text&#8221; width=&#8221;5\/12&#8243;]        <div class=\"noo-heading-sc text-left\">\n                            <h2 class=\"noo-title-sc\">\n                    Blok dodatkowy                <\/h2>\n            \n\t                        <p class=\"noo-subtitle-sc\">\n\t\t\t                        <\/p>\n\t                <\/div>\n        [vc_column_text]Welcome to our website! We\u2019re the Competence Development Office at Medical University of Warsaw.[\/vc_column_text][vc_btn title=&#8221;Przejd\u017a do strony&#8221; style=&#8221;classic&#8221; shape=&#8221;square&#8221;][\/vc_column_inner][\/vc_row_inner][\/vc_column][\/vc_row][vc_row inner_container=&#8221;true&#8221; css_animation=&#8221;fadeInUp&#8221; el_class=&#8221;bs-posts-events&#8221;][vc_column][vc_row_inner][vc_column_inner el_class=&#8221;change-header&#8221; width=&#8221;2\/3&#8243;][vc_custom_heading text=&#8221;Aktualno\u015bci&#8221;][vc_basic_grid post_type=&#8221;post&#8221; max_items=&#8221;5&#8243; grid_id=&#8221;vc_gid:1705066261170-9be7a2c5-b007-9&#8243; el_class=&#8221;bs-post-grid&#8221;][vc_btn title=&#8221;Wi\u0119cej aktualno\u015bci&#8221; shape=&#8221;square&#8221; link=&#8221;url:https%3A%2F%2Fkariera.wum.edu.pl%2Fen%2Fnews%2F|&#8221;][\/vc_column_inner][vc_column_inner width=&#8221;1\/3&#8243;][vc_custom_heading text=&#8221;Wydarzenia&#8221;]<div class=\"mec-wrap mec-skin-list-container  \" id=\"mec_skin_19592\">\r\n\r\n    \r\n        <div class=\"mec-skin-list-events-container\" id=\"mec_skin_events_19592\">\r\n        No event found!    <\/div>\r\n    \r\n    \r\n<\/div>\r\n[vc_btn title=&#8221;Wi\u0119cej wydarze\u0144&#8221; shape=&#8221;square&#8221; el_class=&#8221;events-button&#8221; link=&#8221;url:%2Fwydarzenia|&#8221;][vc_column_text el_class=&#8221;new-event-information&#8221;]Propozycje wydarze\u0144 mo\u017cna zg\u0142asza\u0107 na e-mail: <a href=\"mailto:biurokarier@wum.edu.pl\">biurokarier@wum.edu.pl<\/a>.[\/vc_column_text][\/vc_column_inner][\/vc_row_inner][\/vc_column][\/vc_row][vc_row gap=&#8221;5&#8243; css_animation=&#8221;none&#8221;][vc_column css=&#8221;.vc_custom_1686563510911{background-color: #1d2758 !important;}&#8221; el_class=&#8221;block-newsletter&#8221;][vc_row_inner][vc_column_inner el_class=&#8221;newsletter-col1&#8243;][vc_custom_heading text=&#8221;Subscribe to Newsletter&#8221; font_container=&#8221;tag:h2|text_align:right&#8221; el_class=&#8221;newsletter&#8221; link=&#8221;url:%2Fen%2Fnewsletter&#8221;][\/vc_column_inner][\/vc_row_inner][\/vc_column][\/vc_row]<\/p>\n<\/div>","protected":false},"excerpt":{"rendered":"<p>[vc_row parallax=&#8221;content-moving-fade&#8221; parallax_image=&#8221;16801&#8243; parallax_speed_bg=&#8221;1&#8243; el_class=&#8221;bs-baner-linear&#8221;][vc_column][vc_row_inner inner_container=&#8221;true&#8221; css=&#8221;.vc_custom_1684317885173{margin-top: 200px !important;margin-bottom: 120px !important;}&#8221; el_class=&#8221;bs-banner-row&#8221;][vc_column_inner el_class=&#8221;bs-transparent-column bs-light-text&#8221; width=&#8221;5\/12&#8243; css=&#8221;.vc_custom_1684316963870{padding-right: 40px !important;}&#8221;][vc_column_text]Job and internship offers. Interesting events. Career counseling. All that and more is<\/p>\n","protected":false},"author":4,"featured_media":0,"parent":0,"menu_order":0,"comment_status":"closed","ping_status":"closed","template":"page-full-width.php","meta":{"_acf_changed":false,"_themeisle_gutenberg_block_has_review":false,"footnotes":""},"class_list":["post-13507","page","type-page","status-publish","hentry","no-featured"],"acf":[],"_links":{"self":[{"href":"https:\/\/kariera.wum.edu.pl\/en\/wp-json\/wp\/v2\/pages\/13507","targetHints":{"allow":["GET"]}}],"collection":[{"href":"https:\/\/kariera.wum.edu.pl\/en\/wp-json\/wp\/v2\/pages"}],"about":[{"href":"https:\/\/kariera.wum.edu.pl\/en\/wp-json\/wp\/v2\/types\/page"}],"author":[{"embeddable":true,"href":"https:\/\/kariera.wum.edu.pl\/en\/wp-json\/wp\/v2\/users\/4"}],"replies":[{"embeddable":true,"href":"https:\/\/kariera.wum.edu.pl\/en\/wp-json\/wp\/v2\/comments?post=13507"}],"version-history":[{"count":20,"href":"https:\/\/kariera.wum.edu.pl\/en\/wp-json\/wp\/v2\/pages\/13507\/revisions"}],"predecessor-version":[{"id":19598,"href":"https:\/\/kariera.wum.edu.pl\/en\/wp-json\/wp\/v2\/pages\/13507\/revisions\/19598"}],"wp:attachment":[{"href":"https:\/\/kariera.wum.edu.pl\/en\/wp-json\/wp\/v2\/media?parent=13507"}],"curies":[{"name":"wp","href":"https:\/\/api.w.org\/{rel}","templated":true}]}}